{"id":479,"date":"2022-08-31T12:04:07","date_gmt":"2022-08-31T15:04:07","guid":{"rendered":"http:\/\/rgweld.com.br\/?page_id=479"},"modified":"2022-08-31T14:35:42","modified_gmt":"2022-08-31T17:35:42","slug":"institucional","status":"publish","type":"page","link":"http:\/\/rgweld.com.br\/?page_id=479","title":{"rendered":"Institucional"},"content":{"rendered":"\n<p>A RGWeId \u00e9 uma empresa com \u00eanfase na presta\u00e7\u00e3o de servi\u00e7os de soldagem pelos processos: GTAW, GMAW e FCAW automatizados, visando o aumento da produtividade, qualidade, redu\u00e7\u00e3o de retrabalhos e custos durante a fabrica\u00e7\u00e3o de soldas em componentes tubulares para instala\u00e7\u00f5es industriais. Com a chegada de novos materiais no mercado, o processo de soldagem orbital facilita no atendimento a requisitos t\u00e9cnicos extremamente rigorosos, garantindo um resultado altamente positivo na qualidade do produto final. Para isso, a RGWeId conta com profissionais altamente capacitados e com experi\u00eancia no mercado nacional e internacional, para desenvolver e executar projetos de tubula\u00e7\u00e3o com aplica\u00e7\u00e3o da soldagem orbital, desde sua concep\u00e7\u00e3o, at\u00e9 a entrega do projeto finalizado ao cliente.<\/p>\n\n\n\n<ul class=\"wp-block-list\"><li>Engenharia de soldagem voltada para processos automatizados(solda orbital) e assemelhados;<\/li><li>Presta\u00e7\u00e3o de servi\u00e7os de soldagem orbital;<\/li><li>Qualifica\u00e7\u00e3o de procedimentos de soldagem;<\/li><li>Consultoria para aumento de qualidade e produtividade de soldagem;<\/li><li>Utiliza\u00e7\u00e3o de sistemas mecanizados para prepara\u00e7\u00e3o de juntas;<\/li><li>Loca\u00e7\u00e3o de equipamentos de soldagem orbital e assemelhados;<\/li><li>Treinamento de soldadores e operadores de soldagem no processo orbital.<\/li><\/ul>\n\n\n\n<p>Atuamos nos setores: petr\u00f3leo e g\u00e1s, qu\u00edmico e petroqu\u00edmico,papel e celulose, aliment\u00edcio, sider\u00fargico, saneamento, nuclear, metal\u00fargico, minera\u00e7\u00e3o, e\u00f3lico, automobil\u00edstico, portu\u00e1rio, entre outros.<\/p>\n\n\n\n<p>A RGWeId possui equipamentos de \u00faltima gera\u00e7\u00e3o, com certificado de calibra\u00e7\u00e3o e manuten\u00e7\u00e3o periodicamente atualizados. Tamb\u00e9m contamos com um estoque para pe\u00e7as de reposi\u00e7\u00e3o, fazendo com que n\u00e3o haja atraso nos cronogramas durante a fabrica\u00e7\u00e3o das soldas.<\/p>\n\n\n<div class=\"wp-block-image\">\n<figure class=\"aligncenter size-full\"><img loading=\"lazy\" decoding=\"async\" width=\"795\" height=\"242\" src=\"http:\/\/rgweld.com.br\/wp-content\/uploads\/2022\/08\/fontes.png\" alt=\"\" class=\"wp-image-560\" srcset=\"http:\/\/rgweld.com.br\/wp-content\/uploads\/2022\/08\/fontes.png 795w, http:\/\/rgweld.com.br\/wp-content\/uploads\/2022\/08\/fontes-300x91.png 300w, http:\/\/rgweld.com.br\/wp-content\/uploads\/2022\/08\/fontes-768x234.png 768w, http:\/\/rgweld.com.br\/wp-content\/uploads\/2022\/08\/fontes-700x213.png 700w, http:\/\/rgweld.com.br\/wp-content\/uploads\/2022\/08\/fontes-520x158.png 520w, http:\/\/rgweld.com.br\/wp-content\/uploads\/2022\/08\/fontes-360x110.png 360w, http:\/\/rgweld.com.br\/wp-content\/uploads\/2022\/08\/fontes-250x76.png 250w, http:\/\/rgweld.com.br\/wp-content\/uploads\/2022\/08\/fontes-100x30.png 100w\" sizes=\"auto, (max-width: 795px) 100vw, 795px\" \/><\/figure>\n<\/div>","protected":false},"excerpt":{"rendered":"<p>A RGWeId \u00e9 uma empresa com \u00eanfase na presta\u00e7\u00e3o de servi\u00e7os de soldagem pelos processos: GTAW, GMAW e FCAW automatizados, visando o aumento da produtividade, qualidade, redu\u00e7\u00e3o de retrabalhos e custos durante a fabrica\u00e7\u00e3o de soldas em componentes tubulares para instala\u00e7\u00f5es industriais. Com a chegada de novos materiais no mercado, o processo de soldagem orbital [&hellip;]<\/p>\n","protected":false},"author":1,"featured_media":0,"parent":0,"menu_order":0,"comment_status":"closed","ping_status":"closed","template":"page-templates\/page_fullwidth.php","meta":{"footnotes":""},"class_list":["post-479","page","type-page","status-publish","hentry"],"_links":{"self":[{"href":"http:\/\/rgweld.com.br\/index.php?rest_route=\/wp\/v2\/pages\/479","targetHints":{"allow":["GET"]}}],"collection":[{"href":"http:\/\/rgweld.com.br\/index.php?rest_route=\/wp\/v2\/pages"}],"about":[{"href":"http:\/\/rgweld.com.br\/index.php?rest_route=\/wp\/v2\/types\/page"}],"author":[{"embeddable":true,"href":"http:\/\/rgweld.com.br\/index.php?rest_route=\/wp\/v2\/users\/1"}],"replies":[{"embeddable":true,"href":"http:\/\/rgweld.com.br\/index.php?rest_route=%2Fwp%2Fv2%2Fcomments&post=479"}],"version-history":[{"count":10,"href":"http:\/\/rgweld.com.br\/index.php?rest_route=\/wp\/v2\/pages\/479\/revisions"}],"predecessor-version":[{"id":563,"href":"http:\/\/rgweld.com.br\/index.php?rest_route=\/wp\/v2\/pages\/479\/revisions\/563"}],"wp:attachment":[{"href":"http:\/\/rgweld.com.br\/index.php?rest_route=%2Fwp%2Fv2%2Fmedia&parent=479"}],"curies":[{"name":"wp","href":"https:\/\/api.w.org\/{rel}","templated":true}]}}